{"id":1094,"date":"2026-01-07T13:05:37","date_gmt":"2026-01-07T13:05:37","guid":{"rendered":"https:\/\/peritotextil.com\/treballs-realitzats\/"},"modified":"2026-02-18T10:30:25","modified_gmt":"2026-02-18T10:30:25","slug":"treballs-realitzats","status":"publish","type":"page","link":"https:\/\/peritotextil.com\/ca\/treballs-realitzats\/","title":{"rendered":"Treballs Realitzats"},"content":{"rendered":"\t\t<div data-elementor-type=\"wp-page\" data-elementor-id=\"1094\" class=\"elementor elementor-1094 elementor-164\" data-elementor-post-type=\"page\">\n\t\t\t\t<div class=\"elementor-element elementor-element-37b1788 e-flex e-con-boxed e-con e-parent\" data-id=\"37b1788\" data-element_type=\"container\" data-e-type=\"container\" data-settings=\"{&quot;background_background&quot;:&quot;classic&quot;}\">\n\t\t\t\t\t<div class=\"e-con-inner\">\n\t\t\t\t<div class=\"elementor-element elementor-element-ebd685f elementor-widget__width-initial elementor-widget elementor-widget-heading\" data-id=\"ebd685f\" data-element_type=\"widget\" data-e-type=\"widget\" data-widget_type=\"heading.default\">\n\t\t\t\t\t<h1 class=\"elementor-heading-title elementor-size-default\"><span style=\"color:#e1a603\">Informes T\u00e8cnics<\/span> Rigorosos i Objectius<\/h1>\t\t\t\t<\/div>\n\t\t\t\t\t<\/div>\n\t\t\t\t<\/div>\n\t\t<div class=\"elementor-element elementor-element-1dd092c e-flex e-con-boxed e-con e-child\" data-id=\"1dd092c\" data-element_type=\"container\" data-e-type=\"container\">\n\t\t\t\t\t<div class=\"e-con-inner\">\n\t\t<div class=\"elementor-element elementor-element-9a02b4f e-con-full e-flex e-con e-child\" data-id=\"9a02b4f\" data-element_type=\"container\" data-e-type=\"container\">\n\t\t\t\t<div class=\"elementor-element elementor-element-d5c5b2a elementor-icon-list--layout-traditional elementor-list-item-link-full_width elementor-widget elementor-widget-icon-list\" data-id=\"d5c5b2a\" data-element_type=\"widget\" data-e-type=\"widget\" data-widget_type=\"icon-list.default\">\n\t\t\t\t\t\t\t<ul class=\"elementor-icon-list-items\">\n\t\t\t\t\t\t\t<li class=\"elementor-icon-list-item\">\n\t\t\t\t\t\t\t\t\t\t\t<span class=\"elementor-icon-list-icon\">\n\t\t\t\t\t\t\t<svg aria-hidden=\"true\" class=\"e-font-icon-svg e-fas-certificate\" viewBox=\"0 0 512 512\" xmlns=\"http:\/\/www.w3.org\/2000\/svg\"><path d=\"M458.622 255.92l45.985-45.005c13.708-12.977 7.316-36.039-10.664-40.339l-62.65-15.99 17.661-62.015c4.991-17.838-11.829-34.663-29.661-29.671l-61.994 17.667-15.984-62.671C337.085.197 313.765-6.276 300.99 7.228L256 53.57 211.011 7.229c-12.63-13.351-36.047-7.234-40.325 10.668l-15.984 62.671-61.995-17.667C74.87 57.907 58.056 74.738 63.046 92.572l17.661 62.015-62.65 15.99C.069 174.878-6.31 197.944 7.392 210.915l45.985 45.005-45.985 45.004c-13.708 12.977-7.316 36.039 10.664 40.339l62.65 15.99-17.661 62.015c-4.991 17.838 11.829 34.663 29.661 29.671l61.994-17.667 15.984 62.671c4.439 18.575 27.696 24.018 40.325 10.668L256 458.61l44.989 46.001c12.5 13.488 35.987 7.486 40.325-10.668l15.984-62.671 61.994 17.667c17.836 4.994 34.651-11.837 29.661-29.671l-17.661-62.015 62.65-15.99c17.987-4.302 24.366-27.367 10.664-40.339l-45.984-45.004z\"><\/path><\/svg>\t\t\t\t\t\t<\/span>\n\t\t\t\t\t\t\t\t\t\t<span class=\"elementor-icon-list-text\">Projectes recents<\/span>\n\t\t\t\t\t\t\t\t\t<\/li>\n\t\t\t\t\t\t<\/ul>\n\t\t\t\t\t\t<\/div>\n\t\t\t\t<\/div>\n\t\t<div class=\"elementor-element elementor-element-e872774 e-con-full e-flex e-con e-child\" data-id=\"e872774\" data-element_type=\"container\" data-e-type=\"container\">\n\t\t\t\t<div class=\"elementor-element elementor-element-56a396d elementor-widget elementor-widget-heading\" data-id=\"56a396d\" data-element_type=\"widget\" data-e-type=\"widget\" data-widget_type=\"heading.default\">\n\t\t\t\t\t<h2 class=\"elementor-heading-title elementor-size-default\">Treballs realitzats<\/h2>\t\t\t\t<\/div>\n\t\t\t\t<div class=\"elementor-element elementor-element-ac8e2e2 elementor-widget elementor-widget-heading\" data-id=\"ac8e2e2\" data-element_type=\"widget\" data-e-type=\"widget\" data-widget_type=\"heading.default\">\n\t\t\t\t\t<h3 class=\"elementor-heading-title elementor-size-default\">La meva tasca se centra a proporcionar informes t\u00e8cnics rigorosos, objectius i fonamentats que serveixin com a prova pericial en processos judicials o com a base per a la presa de decisions empresarials.<\/h3>\t\t\t\t<\/div>\n\t\t\t\t<\/div>\n\t\t\t\t\t<\/div>\n\t\t\t\t<\/div>\n\t\t<div class=\"elementor-element elementor-element-e99bb8e e-flex e-con-boxed e-con e-parent\" data-id=\"e99bb8e\" data-element_type=\"container\" data-e-type=\"container\">\n\t\t\t\t\t<div class=\"e-con-inner\">\n\t\t\t\t<div class=\"elementor-element elementor-element-f52f924 elementor-grid-3 elementor-grid-tablet-2 elementor-grid-mobile-1 elementor-widget elementor-widget-loop-grid\" data-id=\"f52f924\" data-element_type=\"widget\" data-e-type=\"widget\" data-settings=\"{&quot;template_id&quot;:998,&quot;_skin&quot;:&quot;post&quot;,&quot;columns&quot;:&quot;3&quot;,&quot;columns_tablet&quot;:&quot;2&quot;,&quot;columns_mobile&quot;:&quot;1&quot;,&quot;edit_handle_selector&quot;:&quot;[data-elementor-type=\\&quot;loop-item\\&quot;]&quot;,&quot;row_gap&quot;:{&quot;unit&quot;:&quot;px&quot;,&quot;size&quot;:&quot;&quot;,&quot;sizes&quot;:[]},&quot;row_gap_tablet&quot;:{&quot;unit&quot;:&quot;px&quot;,&quot;size&quot;:&quot;&quot;,&quot;sizes&quot;:[]},&quot;row_gap_mobile&quot;:{&quot;unit&quot;:&quot;px&quot;,&quot;size&quot;:&quot;&quot;,&quot;sizes&quot;:[]}}\" data-widget_type=\"loop-grid.post\">\n\t\t\t\t<div class=\"elementor-widget-container\">\n\t\t\t\t\t\t\t<div class=\"elementor-loop-container elementor-grid\" role=\"list\">\n\t\t<style id=\"loop-dynamic-998\">.e-loop-item-1127 .elementor-element.elementor-element-a89bcae:not(.elementor-motion-effects-element-type-background), .e-loop-item-1127 .elementor-element.elementor-element-a89bcae > .elementor-motion-effects-container > .elementor-motion-effects-layer{background-image:url(\"https:\/\/peritotextil.com\/wp-content\/uploads\/2026\/02\/pjh-gSsnb0h0sr4-unsplash.jpg\");}<\/style><style id=\"loop-998\">.elementor-998 .elementor-element.elementor-element-a89bcae{--display:flex;--min-height:300px;--flex-direction:column;--container-widget-width:calc( ( 1 - var( --container-widget-flex-grow ) ) * 100% );--container-widget-height:initial;--container-widget-flex-grow:0;--container-widget-align-self:initial;--flex-wrap-mobile:wrap;--justify-content:flex-end;--align-items:flex-start;--overlay-opacity:0.5;border-style:solid;--border-style:solid;border-width:1px 1px 1px 1px;--border-top-width:1px;--border-right-width:1px;--border-bottom-width:1px;--border-left-width:1px;border-color:var( --e-global-color-text );--border-color:var( --e-global-color-text );--border-radius:20px 20px 20px 20px;--padding-top:3rem;--padding-bottom:3rem;--padding-left:3rem;--padding-right:3rem;}.elementor-998 .elementor-element.elementor-element-a89bcae:not(.elementor-motion-effects-element-type-background), .elementor-998 .elementor-element.elementor-element-a89bcae > .elementor-motion-effects-container > .elementor-motion-effects-layer{background-position:center center;background-repeat:no-repeat;background-size:cover;}.elementor-998 .elementor-element.elementor-element-a89bcae::before, .elementor-998 .elementor-element.elementor-element-a89bcae > .elementor-background-video-container::before, .elementor-998 .elementor-element.elementor-element-a89bcae > .e-con-inner > .elementor-background-video-container::before, .elementor-998 .elementor-element.elementor-element-a89bcae > .elementor-background-slideshow::before, .elementor-998 .elementor-element.elementor-element-a89bcae > .e-con-inner > .elementor-background-slideshow::before, .elementor-998 .elementor-element.elementor-element-a89bcae > .elementor-motion-effects-container > .elementor-motion-effects-layer::before{--background-overlay:'';background-color:transparent;background-image:linear-gradient(180deg, #FFFFFF00 0%, #2E2E2EFA 100%);}.elementor-998 .elementor-element.elementor-element-a89bcae:hover{border-style:solid;border-width:1px 1px 1px 1px;--border-top-width:1px;--border-right-width:1px;--border-bottom-width:1px;--border-left-width:1px;border-color:var( --e-global-color-secondary );--border-color:var( --e-global-color-secondary );}.elementor-998 .elementor-element.elementor-element-a89bcae, .elementor-998 .elementor-element.elementor-element-a89bcae::before{--border-transition:0.3s;}.elementor-widget-theme-post-title .elementor-heading-title{font-family:var( --e-global-typography-primary-font-family ), Sans-serif;font-size:var( --e-global-typography-primary-font-size );font-weight:var( --e-global-typography-primary-font-weight );line-height:var( --e-global-typography-primary-line-height );color:var( --e-global-color-primary );}.elementor-998 .elementor-element.elementor-element-17eba11 .elementor-heading-title{font-family:var( --e-global-typography-6509100-font-family ), Sans-serif;font-size:var( --e-global-typography-6509100-font-size );font-weight:var( --e-global-typography-6509100-font-weight );line-height:var( --e-global-typography-6509100-line-height );letter-spacing:var( --e-global-typography-6509100-letter-spacing );word-spacing:var( --e-global-typography-6509100-word-spacing );text-shadow:0px 0px 10px rgba(0,0,0,0.3);color:var( --e-global-color-f3d59dc );}.elementor-widget-post-info .elementor-icon-list-item:not(:last-child):after{border-color:var( --e-global-color-text );}.elementor-widget-post-info .elementor-icon-list-icon i{color:var( --e-global-color-primary );}.elementor-widget-post-info .elementor-icon-list-icon svg{fill:var( --e-global-color-primary );}.elementor-widget-post-info .elementor-icon-list-text, .elementor-widget-post-info .elementor-icon-list-text a{color:var( --e-global-color-secondary );}.elementor-widget-post-info .elementor-icon-list-item{font-family:var( --e-global-typography-text-font-family ), Sans-serif;font-size:var( --e-global-typography-text-font-size );font-weight:var( --e-global-typography-text-font-weight );line-height:var( --e-global-typography-text-line-height );}.elementor-998 .elementor-element.elementor-element-1535838 .elementor-icon-list-icon{width:14px;}.elementor-998 .elementor-element.elementor-element-1535838 .elementor-icon-list-icon i{font-size:14px;}.elementor-998 .elementor-element.elementor-element-1535838 .elementor-icon-list-icon svg{--e-icon-list-icon-size:14px;}.elementor-998 .elementor-element.elementor-element-1535838 .elementor-icon-list-text, .elementor-998 .elementor-element.elementor-element-1535838 .elementor-icon-list-text a{color:var( --e-global-color-f3d59dc );}@media(min-width:1025px){.elementor-998 .elementor-element.elementor-element-a89bcae:not(.elementor-motion-effects-element-type-background), .elementor-998 .elementor-element.elementor-element-a89bcae > .elementor-motion-effects-container > .elementor-motion-effects-layer{background-attachment:scroll;}}@media(max-width:1024px){.elementor-widget-theme-post-title .elementor-heading-title{font-size:var( --e-global-typography-primary-font-size );line-height:var( --e-global-typography-primary-line-height );}.elementor-998 .elementor-element.elementor-element-17eba11 .elementor-heading-title{font-size:var( --e-global-typography-6509100-font-size );line-height:var( --e-global-typography-6509100-line-height );letter-spacing:var( --e-global-typography-6509100-letter-spacing );word-spacing:var( --e-global-typography-6509100-word-spacing );}.elementor-widget-post-info .elementor-icon-list-item{font-size:var( --e-global-typography-text-font-size );line-height:var( --e-global-typography-text-line-height );}}@media(max-width:767px){.elementor-widget-theme-post-title .elementor-heading-title{font-size:var( --e-global-typography-primary-font-size );line-height:var( --e-global-typography-primary-line-height );}.elementor-998 .elementor-element.elementor-element-17eba11 .elementor-heading-title{font-size:var( --e-global-typography-6509100-font-size );line-height:var( --e-global-typography-6509100-line-height );letter-spacing:var( --e-global-typography-6509100-letter-spacing );word-spacing:var( --e-global-typography-6509100-word-spacing );}.elementor-widget-post-info .elementor-icon-list-item{font-size:var( --e-global-typography-text-font-size );line-height:var( --e-global-typography-text-line-height );}}\/* Start custom CSS for container, class: .elementor-element-a89bcae *\/.loop-bg-cover {\n    background-size: cover !important;\n    background-position: center center !important;\n    background-repeat: no-repeat !important;\n}\/* End custom CSS *\/<\/style>\t\t<div data-elementor-type=\"loop-item\" data-elementor-id=\"998\" class=\"elementor elementor-998 e-loop-item e-loop-item-1127 post-1127 post type-post status-publish format-standard has-post-thumbnail hentry category-treballs\" data-elementor-post-type=\"elementor_library\" data-custom-edit-handle=\"1\">\n\t\t\t<a class=\"elementor-element elementor-element-a89bcae loop-bg-cover e-flex e-con-boxed e-con e-parent\" data-id=\"a89bcae\" data-element_type=\"container\" data-e-type=\"container\" data-settings=\"{&quot;background_background&quot;:&quot;classic&quot;}\" href=\"https:\/\/peritotextil.com\/ca\/analisi-tecnica-de-licitacio-per-a-uniformitat-escolar\/\">\n\t\t\t\t\t<div class=\"e-con-inner\">\n\t\t\t\t<div class=\"elementor-element elementor-element-17eba11 elementor-widget elementor-widget-theme-post-title elementor-page-title elementor-widget-heading\" data-id=\"17eba11\" data-element_type=\"widget\" data-e-type=\"widget\" data-widget_type=\"theme-post-title.default\">\n\t\t\t\t\t<h3 class=\"elementor-heading-title elementor-size-default\">An\u00e0lisi t\u00e8cnica de licitaci\u00f3 per a uniformitat escolar<\/h3>\t\t\t\t<\/div>\n\t\t\t\t<div class=\"elementor-element elementor-element-1535838 elementor-widget elementor-widget-post-info\" data-id=\"1535838\" data-element_type=\"widget\" data-e-type=\"widget\" data-widget_type=\"post-info.default\">\n\t\t\t\t\t\t\t<ul class=\"elementor-inline-items elementor-icon-list-items elementor-post-info\">\n\t\t\t\t\t\t\t\t<li class=\"elementor-icon-list-item elementor-repeater-item-5d7518d elementor-inline-item\" itemprop=\"datePublished\">\n\t\t\t\t\t\t\t\t\t\t\t\t\t<span class=\"elementor-icon-list-text elementor-post-info__item elementor-post-info__item--type-date\">\n\t\t\t\t\t\t\t\t\t\t<time>febrer 10, 2026<\/time>\t\t\t\t\t<\/span>\n\t\t\t\t\t\t\t\t<\/li>\n\t\t\t\t<\/ul>\n\t\t\t\t\t\t<\/div>\n\t\t\t\t\t<\/div>\n\t\t\t\t<\/a>\n\t\t\t\t<\/div>\n\t\t<style id=\"loop-dynamic-998\">.e-loop-item-1124 .elementor-element.elementor-element-a89bcae:not(.elementor-motion-effects-element-type-background), .e-loop-item-1124 .elementor-element.elementor-element-a89bcae > .elementor-motion-effects-container > .elementor-motion-effects-layer{background-image:url(\"https:\/\/peritotextil.com\/wp-content\/uploads\/2026\/02\/crystal-kwok-xD5SWy7hMbw-unsplash.jpg\");}<\/style>\t\t<div data-elementor-type=\"loop-item\" data-elementor-id=\"998\" class=\"elementor elementor-998 e-loop-item e-loop-item-1124 post-1124 post type-post status-publish format-standard has-post-thumbnail hentry category-treballs\" data-elementor-post-type=\"elementor_library\" data-custom-edit-handle=\"1\">\n\t\t\t<a class=\"elementor-element elementor-element-a89bcae loop-bg-cover e-flex e-con-boxed e-con e-parent\" data-id=\"a89bcae\" data-element_type=\"container\" data-e-type=\"container\" data-settings=\"{&quot;background_background&quot;:&quot;classic&quot;}\" href=\"https:\/\/peritotextil.com\/ca\/taxacio-integral-de-maquinaria-industrial-per-a-processos-productius-complexos\/\">\n\t\t\t\t\t<div class=\"e-con-inner\">\n\t\t\t\t<div class=\"elementor-element elementor-element-17eba11 elementor-widget elementor-widget-theme-post-title elementor-page-title elementor-widget-heading\" data-id=\"17eba11\" data-element_type=\"widget\" data-e-type=\"widget\" data-widget_type=\"theme-post-title.default\">\n\t\t\t\t\t<h3 class=\"elementor-heading-title elementor-size-default\">Taxaci\u00f3 integral de maquin\u00e0ria industrial per a processos productius complexos<\/h3>\t\t\t\t<\/div>\n\t\t\t\t<div class=\"elementor-element elementor-element-1535838 elementor-widget elementor-widget-post-info\" data-id=\"1535838\" data-element_type=\"widget\" data-e-type=\"widget\" data-widget_type=\"post-info.default\">\n\t\t\t\t\t\t\t<ul class=\"elementor-inline-items elementor-icon-list-items elementor-post-info\">\n\t\t\t\t\t\t\t\t<li class=\"elementor-icon-list-item elementor-repeater-item-5d7518d elementor-inline-item\" itemprop=\"datePublished\">\n\t\t\t\t\t\t\t\t\t\t\t\t\t<span class=\"elementor-icon-list-text elementor-post-info__item elementor-post-info__item--type-date\">\n\t\t\t\t\t\t\t\t\t\t<time>febrer 10, 2026<\/time>\t\t\t\t\t<\/span>\n\t\t\t\t\t\t\t\t<\/li>\n\t\t\t\t<\/ul>\n\t\t\t\t\t\t<\/div>\n\t\t\t\t\t<\/div>\n\t\t\t\t<\/a>\n\t\t\t\t<\/div>\n\t\t<style id=\"loop-dynamic-998\">.e-loop-item-1129 .elementor-element.elementor-element-a89bcae:not(.elementor-motion-effects-element-type-background), .e-loop-item-1129 .elementor-element.elementor-element-a89bcae > .elementor-motion-effects-container > .elementor-motion-effects-layer{background-image:url(\"https:\/\/peritotextil.com\/wp-content\/uploads\/2026\/01\/pexels-thirdman-8485715-scaled.jpg\");}<\/style>\t\t<div data-elementor-type=\"loop-item\" data-elementor-id=\"998\" class=\"elementor elementor-998 e-loop-item e-loop-item-1129 post-1129 post type-post status-publish format-standard has-post-thumbnail hentry category-treballs\" data-elementor-post-type=\"elementor_library\" data-custom-edit-handle=\"1\">\n\t\t\t<a class=\"elementor-element elementor-element-a89bcae loop-bg-cover e-flex e-con-boxed e-con e-parent\" data-id=\"a89bcae\" data-element_type=\"container\" data-e-type=\"container\" data-settings=\"{&quot;background_background&quot;:&quot;classic&quot;}\" href=\"https:\/\/peritotextil.com\/ca\/peritatge-textil-i-valoracio-economica-dun-estoc-complet-afectat-per-danys-per-aigua\/\">\n\t\t\t\t\t<div class=\"e-con-inner\">\n\t\t\t\t<div class=\"elementor-element elementor-element-17eba11 elementor-widget elementor-widget-theme-post-title elementor-page-title elementor-widget-heading\" data-id=\"17eba11\" data-element_type=\"widget\" data-e-type=\"widget\" data-widget_type=\"theme-post-title.default\">\n\t\t\t\t\t<h3 class=\"elementor-heading-title elementor-size-default\">Peritatge t\u00e8xtil i valoraci\u00f3 econ\u00f2mica d&#8217;un estoc complet afectat per danys per aigua<\/h3>\t\t\t\t<\/div>\n\t\t\t\t<div class=\"elementor-element elementor-element-1535838 elementor-widget elementor-widget-post-info\" data-id=\"1535838\" data-element_type=\"widget\" data-e-type=\"widget\" data-widget_type=\"post-info.default\">\n\t\t\t\t\t\t\t<ul class=\"elementor-inline-items elementor-icon-list-items elementor-post-info\">\n\t\t\t\t\t\t\t\t<li class=\"elementor-icon-list-item elementor-repeater-item-5d7518d elementor-inline-item\" itemprop=\"datePublished\">\n\t\t\t\t\t\t\t\t\t\t\t\t\t<span class=\"elementor-icon-list-text elementor-post-info__item elementor-post-info__item--type-date\">\n\t\t\t\t\t\t\t\t\t\t<time>gener 7, 2026<\/time>\t\t\t\t\t<\/span>\n\t\t\t\t\t\t\t\t<\/li>\n\t\t\t\t<\/ul>\n\t\t\t\t\t\t<\/div>\n\t\t\t\t\t<\/div>\n\t\t\t\t<\/a>\n\t\t\t\t<\/div>\n\t\t\t\t<\/div>\n\t\t\n\t\t\t\t\t\t<\/div>\n\t\t\t\t<\/div>\n\t\t\t\t\t<\/div>\n\t\t\t\t<\/div>\n\t\t<div class=\"elementor-element elementor-element-b4c7c77 e-flex e-con-boxed e-con e-parent\" data-id=\"b4c7c77\" data-element_type=\"container\" data-e-type=\"container\" data-settings=\"{&quot;background_background&quot;:&quot;classic&quot;}\">\n\t\t\t\t\t<div class=\"e-con-inner\">\n\t\t<div class=\"elementor-element elementor-element-14f397c e-con-full e-flex e-con e-child\" data-id=\"14f397c\" data-element_type=\"container\" data-e-type=\"container\">\n\t\t<div class=\"elementor-element elementor-element-4149d5c e-flex e-con-boxed e-con e-child\" data-id=\"4149d5c\" data-element_type=\"container\" data-e-type=\"container\">\n\t\t\t\t\t<div class=\"e-con-inner\">\n\t\t\t\t<div class=\"elementor-element elementor-element-7116584 elementor-widget elementor-widget-heading\" data-id=\"7116584\" data-element_type=\"widget\" data-e-type=\"widget\" data-widget_type=\"heading.default\">\n\t\t\t\t\t<div class=\"elementor-heading-title elementor-size-default\">Per qu\u00e8 <span style=\"color:#e1a603\">Confiar en La meva experi\u00e8ncia<\/span>?<\/div>\t\t\t\t<\/div>\n\t\t<div class=\"elementor-element elementor-element-62451d1 e-grid e-con-full e-con e-child\" data-id=\"62451d1\" data-element_type=\"container\" data-e-type=\"container\">\n\t\t\t\t<div class=\"elementor-element elementor-element-f697f2f elementor-widget elementor-widget-text-editor\" data-id=\"f697f2f\" data-element_type=\"widget\" data-e-type=\"widget\" data-widget_type=\"text-editor.default\">\n\t\t\t\t\t\t\t\t\t<p><span style=\"color: #e1a603;\">\u2713 Rigor cient\u00edfic:<\/span> An\u00e0lisis t\u00e8cniques fonamentades en coneixement especialitzat<\/p><p><span style=\"color: #e1a603;\">\u2713 Imparcialitat:<\/span> Informes objectius que reflecteixen la realitat dels fets<\/p><p><span style=\"color: #e1a603;\">\u2713 Disponibilitat:<\/span> Atenci\u00f3 a tot Espanya amb flexibilitat per a despla\u00e7aments i casos urgents<\/p>\t\t\t\t\t\t\t\t<\/div>\n\t\t\t\t<div class=\"elementor-element elementor-element-623e369 elementor-widget elementor-widget-text-editor\" data-id=\"623e369\" data-element_type=\"widget\" data-e-type=\"widget\" data-widget_type=\"text-editor.default\">\n\t\t\t\t\t\t\t\t\t<p><span style=\"color: #e1a603;\">\u2713 Precisi\u00f3:<\/span> Casos resolts amb documentaci\u00f3 exhaustiva i suport t\u00e8cnic complet<\/p>\n<p><span style=\"color: #e1a603;\">\u2713 Experi\u00e8ncia comprovada:<\/span> Traject\u00f2ria reconeguda en peritatge judicial<\/p>\n\t\t\t\t\t\t\t\t<\/div>\n\t\t\t\t<\/div>\n\t\t\t\t\t<\/div>\n\t\t\t\t<\/div>\n\t\t\t\t<\/div>\n\t\t\t\t\t<\/div>\n\t\t\t\t<\/div>\n\t\t\t\t<\/div>\n\t\t","protected":false},"excerpt":{"rendered":"<p>Informes T\u00e8cnics Rigorosos i Objectius Projectes recents Treballs realitzats La meva tasca se centra a proporcionar informes t\u00e8cnics rigorosos, objectius i fonamentats que serveixin com a prova pericial en processos judicials o com a base per a la presa de decisions empresarials. Per qu\u00e8 Confiar en La meva experi\u00e8ncia? \u2713 Rigor cient\u00edfic: An\u00e0lisis t\u00e8cniques fonamentades [&hellip;]<\/p>\n","protected":false},"author":1,"featured_media":0,"parent":0,"menu_order":0,"comment_status":"closed","ping_status":"closed","template":"page-templates\/pagebuilder.php","meta":{"zakra_page_container_layout":"customizer","zakra_page_sidebar_layout":"customizer","zakra_remove_content_margin":false,"zakra_sidebar":"customizer","zakra_transparent_header":"customizer","zakra_logo":0,"zakra_main_header_style":"default","zakra_menu_item_color":"","zakra_menu_item_hover_color":"","zakra_menu_item_active_color":"","zakra_menu_active_style":"","zakra_page_header":true,"footnotes":""},"class_list":["post-1094","page","type-page","status-publish","hentry"],"_links":{"self":[{"href":"https:\/\/peritotextil.com\/ca\/wp-json\/wp\/v2\/pages\/1094","targetHints":{"allow":["GET"]}}],"collection":[{"href":"https:\/\/peritotextil.com\/ca\/wp-json\/wp\/v2\/pages"}],"about":[{"href":"https:\/\/peritotextil.com\/ca\/wp-json\/wp\/v2\/types\/page"}],"author":[{"embeddable":true,"href":"https:\/\/peritotextil.com\/ca\/wp-json\/wp\/v2\/users\/1"}],"replies":[{"embeddable":true,"href":"https:\/\/peritotextil.com\/ca\/wp-json\/wp\/v2\/comments?post=1094"}],"version-history":[{"count":16,"href":"https:\/\/peritotextil.com\/ca\/wp-json\/wp\/v2\/pages\/1094\/revisions"}],"predecessor-version":[{"id":1123,"href":"https:\/\/peritotextil.com\/ca\/wp-json\/wp\/v2\/pages\/1094\/revisions\/1123"}],"wp:attachment":[{"href":"https:\/\/peritotextil.com\/ca\/wp-json\/wp\/v2\/media?parent=1094"}],"curies":[{"name":"wp","href":"https:\/\/api.w.org\/{rel}","templated":true}]}}