{"id":1088,"date":"2026-01-07T08:51:27","date_gmt":"2026-01-07T08:51:27","guid":{"rendered":"https:\/\/peritotextil.com\/politica-de-privadesa\/"},"modified":"2026-02-18T09:33:43","modified_gmt":"2026-02-18T09:33:43","slug":"politica-de-privadesa","status":"publish","type":"page","link":"https:\/\/peritotextil.com\/ca\/politica-de-privadesa\/","title":{"rendered":"Pol\u00edtica de privadesa"},"content":{"rendered":"\t\t<div data-elementor-type=\"wp-page\" data-elementor-id=\"1088\" class=\"elementor elementor-1088 elementor-85\" data-elementor-post-type=\"page\">\n\t\t\t\t<div class=\"elementor-element elementor-element-6bdb9f22 e-flex e-con-boxed e-con e-parent\" data-id=\"6bdb9f22\" data-element_type=\"container\" data-e-type=\"container\">\n\t\t\t\t\t<div class=\"e-con-inner\">\n\t\t\t\t<div class=\"elementor-element elementor-element-b24b1b6 elementor-widget elementor-widget-heading\" data-id=\"b24b1b6\" data-element_type=\"widget\" data-e-type=\"widget\" data-widget_type=\"heading.default\">\n\t\t\t\t\t<h2 class=\"elementor-heading-title elementor-size-default\">Pol\u00edtica de privadesa<\/h2>\t\t\t\t<\/div>\n\t\t\t\t<div class=\"elementor-element elementor-element-2fbf8d4d elementor-widget elementor-widget-text-editor\" data-id=\"2fbf8d4d\" data-element_type=\"widget\" data-e-type=\"widget\" data-widget_type=\"text-editor.default\">\n\t\t\t\t\t\t\t\t\t<span style=\"font-size: 17.6px; font-style: inherit; font-weight: inherit; letter-spacing: 0.01em;\">Perit Textil Israel L\u00f3pez t&#8217;informa sobre la seva Pol\u00edtica de Privadesa respecte al tractament i protecci\u00f3 de les dades de car\u00e0cter personal dels usuaris i clients que puguin ser sol\u00b7licitats per la navegaci\u00f3 https:\/\/peritotextil.com<\/span><br><br>En aquest sentit, Perito Textil Israel L\u00f3pez garanteix el compliment de la normativa vigent en mat\u00e8ria de protecci\u00f3 de dades personals, reflectida a la Llei Org\u00e0nica 3\/2018, de 5 de desembre, de Protecci\u00f3 de Dades Personals i de Garantia de Drets Digitals (LOPD GDD). Compleix tamb\u00e9 amb el Reglament (UE) 2016\/679 del Parlament Europeu i del Consell de 27 d&#8217;abril del 2016 relatiu a la protecci\u00f3 de les persones f\u00edsiques (RGPD).<br><br>L&#8217;\u00fas del lloc web implica l&#8217;acceptaci\u00f3 d&#8217;aquesta Pol\u00edtica de Privadesa aix\u00ed com les condicions incloses a l&#8217;Av\u00eds Legal.<br><br>&nbsp;<br><br><strong>Identitat del responsable<\/strong><br>Titular: Israel L\u00f3pez Guti\u00e9rrez<br>NIF\/CIF: 46708957M<br>Domicili: C.Aribau, 168, 1r 1a, 08036 BARCELONA<br>Correu electr\u00f2nic: <a href=\"mailto:info@peritotextil.com\">info@peritotextil.com<\/a><br>Lloc Web: <a href=\"https:\/\/peritotextil.com\/ca\/\">https:\/\/peritotextil.com<\/a><br><br>&nbsp;<br><br><strong>Principis aplicats al tractament de dades<\/strong><br>En el tractament de les teves dades personals, el Titular aplicar\u00e0 els principis seg\u00fcents que s&#8217;ajusten a les exig\u00e8ncies del nou reglament europeu de protecci\u00f3 de dades:<br><br>Principi de licitud, lleialtat i transpar\u00e8ncia: El Titular sempre requerir\u00e0 el consentiment per al tractament de les teves dades personals que pot ser per a una o diverses finalitats espec\u00edfiques sobre les quals t&#8217;informar\u00e0 pr\u00e8viament amb absoluta transpar\u00e8ncia.<br><br>Principi de minimitzaci\u00f3 de dades: El Titular et sol\u00b7licitar\u00e0 nom\u00e9s les dades estrictament necess\u00e0ries per a la finalitat o fins que les sol\u00b7licita.<br>Principi de limitaci\u00f3 del termini de conservaci\u00f3: Les dades es mantindran durant el temps estrictament necessari per a la finalitat o fins del tractament.El Titular us informar\u00e0 del termini de conservaci\u00f3 corresponent segons la finalitat. En cas de subscripcions, el titular revisar\u00e0 peri\u00f2dicament les llistes i eliminar\u00e0 aquells registres inactius durant un temps considerable.<br><br>Principi d&#8217;integritat i confidencialitat: les vostres dades seran tractades de manera que la vostra seguretat, confidencialitat i integritat estigui garantida. Has de saber que el Titular pren les precaucions necess\u00e0ries per evitar l&#8217;acc\u00e9s no autoritzat o l&#8217;\u00fas indegut de les dades dels usuaris per tercers.<br><br>&nbsp;<br><br><strong>Obtenci\u00f3 de dades personals<\/strong><br>Per navegar per https:\/\/peritotextil.com\/ no cal que facilitis cap dada personal. Els casos en qu\u00e8 s\u00ed que proporciones les teves dades personals s\u00f3n els seg\u00fcents:<br><br>En contactar a trav\u00e9s dels formularis de contacte o enviar un correu electr\u00f2nic.<br><br>&nbsp;<br><br><strong>Els teus drets<\/strong><br>Sobre les teves dades personals tens dret a:<br><br>Sol\u00b7licitar l&#8217;acc\u00e9s a les dades emmagatzemades.<br>Sol\u00b7licitar una rectificaci\u00f3 o cancel\u00b7laci\u00f3.<br>Sol\u00b7licitar la limitaci\u00f3 del tractament.<br>Oposar-te al tractament.<br>Sol\u00b7licitar la portabilitat de les teves dades.<br><br>L&#8217;exercici d&#8217;aquests drets \u00e9s personal i per tant ha de ser exercit directament per l&#8217;interessat, sol\u00b7licitant-ho directament a Perito Textil Israel L\u00f3pez, cosa que significa que qualsevol client, subscriptor o col\u00b7laborador que hagi facilitat les seves dades en algun moment pot adre\u00e7ar-se a Perito Textil Israel L\u00f3pez i demanar informaci\u00f3 sobre les dades que t\u00e9 emmagatzemades i com l&#8217;ha sol\u00b7licitat, cancel\u00b7laci\u00f3 d&#8217;aquestes dades als arxius de.<br><br>Per exercitar els vostres drets d&#8217;acc\u00e9s, rectificaci\u00f3, cancel\u00b7laci\u00f3, portabilitat i oposici\u00f3 heu d&#8217;enviar un correu electr\u00f2nic a zfcplan@coac.net juntament amb la prova v\u00e0lida en dret com a fotoc\u00f2pia del DNI o equivalent.<br><br>T\u00e9 dret a la tutela judicial efectiva ia presentar una reclamaci\u00f3 davant l&#8217;autoritat de control, en aquest cas, l&#8217;Ag\u00e8ncia Espanyola de Protecci\u00f3 de Dades, si considera que el tractament de dades personals que concerneixen infringeix el Reglament.<br>&nbsp;<br><br><strong>Finalitat del tractament de dades personals<\/strong><br>Quan us connecteu al lloc web per enviar un correu a https:\/\/peritotextil.com\/ , se subscriviu al vostre butllet\u00ed o feu una contractaci\u00f3, esteu facilitant informaci\u00f3 de car\u00e0cter personal de la qual el responsable \u00e9s https:\/\/peritotextil.com\/ . Aquesta informaci\u00f3 pot incloure dades de car\u00e0cter personal com la vostra adre\u00e7a IP, nom i cognoms, adre\u00e7a f\u00edsica, adre\u00e7a de correu electr\u00f2nic, n\u00famero de tel\u00e8fon, i altra informaci\u00f3. En facilitar aquesta informaci\u00f3, d\u00f3nes el teu consentiment perqu\u00e8 la teva informaci\u00f3 sigui recopilada, utilitzada, gestionada i emmagatzemada per https:\/\/peritotextil.com\/, nom\u00e9s com es descriu a l&#8217;Av\u00eds Legal ia la present Pol\u00edtica de Privadesa.<br><br>Les dades personals i la finalitat del tractament per part de Perito Textil Israel L\u00f3pez s\u00f3n diferents segons el sistema de captura d&#8217;informaci\u00f3:<br>Formularis de contacte: Perito Textil Israel L\u00f3pez sol\u00b7licita dades personals entre les que poden estar: Nom i cognoms, adre\u00e7a de correu electr\u00f2nic, n\u00famero de tel\u00e8fon i adre\u00e7a del teu lloc web per tal de respondre a les teves consultes.<br>Per exemple, Perito Textil Israel L\u00f3pez utilitza aquestes dades per donar resposta als teus missatges, dubtes, queixes, comentaris o inquietuds que puguis tenir relatives a la informaci\u00f3 inclosa al lloc web, els serveis que es presten a trav\u00e9s del lloc web, el tractament de les teves dades personals, q\u00fcestions referents als textos legals inclosos al lloc web, aix\u00ed com qualsevol altra consulta que puguis tenir i que.<br>Hi ha altres finalitats per les quals el Titular tracta les teves dades personals:<br><br>Per donar suport i millorar els serveis que ofereix aquest lloc web.<br>Per analitzar la navegaci\u00f3. Perito Textil Israel L\u00f3pez recull altres dades no identificatives que s&#8217;obtenen mitjan\u00e7ant l&#8217;\u00fas de cookies que es descarreguen al teu ordinador quan navegues pel lloc web les caracter\u00edstiques i finalitat del qual estan detallades a la Pol\u00edtica de Cookies.<br>Per gestionar les xarxes socials. el Titular t\u00e9 pres\u00e8ncia a xarxes socials. Si us fas seguidor a les xarxes socials de Perito Textil Israel L\u00f3pez el tractament de les dades personals es regir\u00e0 per aquest apartat, aix\u00ed com per aquelles condicions d&#8217;\u00fas, pol\u00edtiques de privadesa i normatives d&#8217;acc\u00e9s que pertanyin a la xarxa social que sigui procedent en cada cas i que has acceptat pr\u00e8viament.<br>Perito Textil Israel L\u00f3pez tractar\u00e0 les vostres dades personals per tal d&#8217;administrar correctament la vostra pres\u00e8ncia a la xarxa social, informar-vos de les vostres activitats, productes o serveis, aix\u00ed com per a qualsevol altra finalitat que les normatives de les xarxes socials permetin.<br><br>En cap cas Perito Textil Israel L\u00f3pez utilitzar\u00e0 els perfils de seguidors a xarxes socials per enviar publicitat de forma individual.<br><br>&nbsp;<br><br><strong>Seguretat de les dades personals<\/strong><br>Per protegir les teves dades personals, Perito Textil Israel L\u00f3pez pren totes les precaucions raonables i segueix les millors pr\u00e0ctiques de la ind\u00fastria per evitar-ne la p\u00e8rdua, mal \u00fas, acc\u00e9s indegut, divulgaci\u00f3, alteraci\u00f3 o destrucci\u00f3.<br>El lloc web est\u00e0 allotjat a https:\/\/peritotextil.com\/. La seguretat de les teves dades est\u00e0 garantida, ja que prenen totes les mesures de seguretat necess\u00e0ries per fer-ho. Pots consultar la seva pol\u00edtica de privadesa per obtenir m\u00e9s informaci\u00f3.<br><br>&nbsp;<br><br><strong>Contingut d&#8217;altres llocs web<\/strong><br>Les p\u00e0gines d&#8217;aquest lloc web poden incloure contingut incrustat (per exemple, v\u00eddeos, imatges, articles, etc.). El contingut incrustat d&#8217;altres webs es comporta exactament de la mateixa manera que si haguessis visitat l&#8217;altra web.<br><br>Aquests llocs web poden recopilar dades sobre tu, utilitzar galetes, incrustar un codi de seguiment addicional de tercers i supervisar la teva interacci\u00f3 usant aquest codi.<br>&nbsp;<br><br><strong>Pol\u00edtica de galetes<\/strong><br>Perqu\u00e8 aquest lloc web funcioni correctament ha dutilitzar cookies, que \u00e9s una informaci\u00f3 que semmagatzema en el seu navegador web.<br><br>A la p\u00e0gina Pol\u00edtica de Cookies pots consultar tota la informaci\u00f3 relativa a la pol\u00edtica de recollida, la finalitat i el tractament de cookies.<br><br>Legitimaci\u00f3 per al tractament de dades<br>La base legal per al tractament de les vostres dades \u00e9s: el consentiment.<br><br>Per contactar amb Perito Textil Israel L\u00f3pez, subscriure&#8217;t a un butllet\u00ed o fer comentaris en aquest lloc web has d&#8217;acceptar aquesta Pol\u00edtica de Privadesa.<br><br>&nbsp;<br><br><strong>Categories de dades personals<\/strong><br>Les categories de dades personals que tracta Perito Textil Israel L\u00f3pez s\u00f3n:<br><br>Dades identificatives.<br>Conservaci\u00f3 de dades personals<br>Les dades personals que proporcioni a Perito Textil Israel L\u00f3pez es conservaran fins que sol\u00b7licite la supressi\u00f3.<br><br>Tamb\u00e9 podeu veure una llista dels tipus de cookies que utilitza Google i els seus col\u00b7laboradors i tota la informaci\u00f3 relativa a l&#8217;\u00fas que fan de cookies publicit\u00e0ries.<br>&nbsp;<br><br><strong>Navegaci\u00f3 web<\/strong><br>En navegar per https:\/\/peritotextil.com\/ es poden recollir dades no identificatives, que poden incloure, l&#8217;adre\u00e7a IP, geolocalitzaci\u00f3, un registre de com s&#8217;utilitzen els serveis i llocs, h\u00e0bits de navegaci\u00f3 i altres dades que no es poden utilitzar per identificar-te.<br><br>El Titular utilitza la informaci\u00f3 obtinguda per obtenir dades estad\u00edstiques, analitzar tend\u00e8ncies, administrar el lloc, estudiar patrons de navegaci\u00f3 i per recopilar informaci\u00f3 demogr\u00e0fica.<br><br>Exactitud i veracitat de les dades personals<br>Et comprometes que les dades facilitades a Perito Textil Israel L\u00f3pez siguin correctes, completes, exactes i vigents, aix\u00ed com a mantenir-les degudament actualitzades.<br><br>Com a Usuari del lloc web ets l&#8217;\u00fanic responsable de la veracitat i correcci\u00f3 de les dades que remetis al lloc exonerant Perito Textil Israel L\u00f3pez de qualsevol responsabilitat sobre aix\u00f2.<br><br><strong>\u00a0<\/strong><br><strong>Acceptaci\u00f3 i consentiment<\/strong><br>Com a Usuari del lloc web declara haver estat informat de les condicions sobre protecci\u00f3 de dades de car\u00e0cter personal, acceptes i consents el tractament dels mateixos per part de Perito Textil Israel L\u00f3pez\t\t\t\t\t\t\t\t<\/div>\n\t\t\t\t\t<\/div>\n\t\t\t\t<\/div>\n\t\t\t\t<\/div>\n\t\t","protected":false},"excerpt":{"rendered":"<p>Pol\u00edtica de privadesa Perit Textil Israel L\u00f3pez t&#8217;informa sobre la seva Pol\u00edtica de Privadesa respecte al tractament i protecci\u00f3 de les dades de car\u00e0cter personal dels usuaris i clients que puguin ser sol\u00b7licitats per la navegaci\u00f3 https:\/\/peritotextil.com En aquest sentit, Perito Textil Israel L\u00f3pez garanteix el compliment de la normativa vigent en mat\u00e8ria de protecci\u00f3 [&hellip;]<\/p>\n","protected":false},"author":1,"featured_media":0,"parent":0,"menu_order":0,"comment_status":"closed","ping_status":"closed","template":"elementor_header_footer","meta":{"zakra_page_container_layout":"customizer","zakra_page_sidebar_layout":"customizer","zakra_remove_content_margin":false,"zakra_sidebar":"customizer","zakra_transparent_header":"customizer","zakra_logo":0,"zakra_main_header_style":"default","zakra_menu_item_color":"","zakra_menu_item_hover_color":"","zakra_menu_item_active_color":"","zakra_menu_active_style":"","zakra_page_header":true,"footnotes":""},"class_list":["post-1088","page","type-page","status-publish","hentry"],"_links":{"self":[{"href":"https:\/\/peritotextil.com\/ca\/wp-json\/wp\/v2\/pages\/1088","targetHints":{"allow":["GET"]}}],"collection":[{"href":"https:\/\/peritotextil.com\/ca\/wp-json\/wp\/v2\/pages"}],"about":[{"href":"https:\/\/peritotextil.com\/ca\/wp-json\/wp\/v2\/types\/page"}],"author":[{"embeddable":true,"href":"https:\/\/peritotextil.com\/ca\/wp-json\/wp\/v2\/users\/1"}],"replies":[{"embeddable":true,"href":"https:\/\/peritotextil.com\/ca\/wp-json\/wp\/v2\/comments?post=1088"}],"version-history":[{"count":1,"href":"https:\/\/peritotextil.com\/ca\/wp-json\/wp\/v2\/pages\/1088\/revisions"}],"predecessor-version":[{"id":1089,"href":"https:\/\/peritotextil.com\/ca\/wp-json\/wp\/v2\/pages\/1088\/revisions\/1089"}],"wp:attachment":[{"href":"https:\/\/peritotextil.com\/ca\/wp-json\/wp\/v2\/media?parent=1088"}],"curies":[{"name":"wp","href":"https:\/\/api.w.org\/{rel}","templated":true}]}}