{"id":1069,"date":"2025-12-31T13:01:11","date_gmt":"2025-12-31T13:01:11","guid":{"rendered":"https:\/\/peritotextil.com\/serveis\/"},"modified":"2026-02-16T10:15:41","modified_gmt":"2026-02-16T10:15:41","slug":"serveis","status":"publish","type":"page","link":"https:\/\/peritotextil.com\/ca\/serveis\/","title":{"rendered":"Serveis"},"content":{"rendered":"\t\t<div data-elementor-type=\"wp-page\" data-elementor-id=\"1069\" class=\"elementor elementor-1069 elementor-35\" data-elementor-post-type=\"page\">\n\t\t\t\t<div class=\"elementor-element elementor-element-a83b957 e-flex e-con-boxed e-con e-parent\" data-id=\"a83b957\" data-element_type=\"container\" data-e-type=\"container\" data-settings=\"{&quot;background_background&quot;:&quot;classic&quot;}\">\n\t\t\t\t\t<div class=\"e-con-inner\">\n\t\t<div class=\"elementor-element elementor-element-1be4e5c e-con-full e-flex e-con e-child\" data-id=\"1be4e5c\" data-element_type=\"container\" data-e-type=\"container\">\n\t\t<div class=\"elementor-element elementor-element-a610261 e-con-full e-flex e-con e-child\" data-id=\"a610261\" data-element_type=\"container\" data-e-type=\"container\">\n\t\t\t\t<div class=\"elementor-element elementor-element-0dd5e0c elementor-icon-list--layout-traditional elementor-list-item-link-full_width elementor-widget elementor-widget-icon-list\" data-id=\"0dd5e0c\" data-element_type=\"widget\" data-e-type=\"widget\" data-widget_type=\"icon-list.default\">\n\t\t\t\t\t\t\t<ul class=\"elementor-icon-list-items\">\n\t\t\t\t\t\t\t<li class=\"elementor-icon-list-item\">\n\t\t\t\t\t\t\t\t\t\t\t<span class=\"elementor-icon-list-icon\">\n\t\t\t\t\t\t\t<svg aria-hidden=\"true\" class=\"e-font-icon-svg e-fas-certificate\" viewBox=\"0 0 512 512\" xmlns=\"http:\/\/www.w3.org\/2000\/svg\"><path d=\"M458.622 255.92l45.985-45.005c13.708-12.977 7.316-36.039-10.664-40.339l-62.65-15.99 17.661-62.015c4.991-17.838-11.829-34.663-29.661-29.671l-61.994 17.667-15.984-62.671C337.085.197 313.765-6.276 300.99 7.228L256 53.57 211.011 7.229c-12.63-13.351-36.047-7.234-40.325 10.668l-15.984 62.671-61.995-17.667C74.87 57.907 58.056 74.738 63.046 92.572l17.661 62.015-62.65 15.99C.069 174.878-6.31 197.944 7.392 210.915l45.985 45.005-45.985 45.004c-13.708 12.977-7.316 36.039 10.664 40.339l62.65 15.99-17.661 62.015c-4.991 17.838 11.829 34.663 29.661 29.671l61.994-17.667 15.984 62.671c4.439 18.575 27.696 24.018 40.325 10.668L256 458.61l44.989 46.001c12.5 13.488 35.987 7.486 40.325-10.668l15.984-62.671 61.994 17.667c17.836 4.994 34.651-11.837 29.661-29.671l-17.661-62.015 62.65-15.99c17.987-4.302 24.366-27.367 10.664-40.339l-45.984-45.004z\"><\/path><\/svg>\t\t\t\t\t\t<\/span>\n\t\t\t\t\t\t\t\t\t\t<span class=\"elementor-icon-list-text\">Serveis destacats<\/span>\n\t\t\t\t\t\t\t\t\t<\/li>\n\t\t\t\t\t\t<\/ul>\n\t\t\t\t\t\t<\/div>\n\t\t\t\t<\/div>\n\t\t<div class=\"elementor-element elementor-element-62cb07d e-con-full e-flex e-con e-child\" data-id=\"62cb07d\" data-element_type=\"container\" data-e-type=\"container\">\n\t\t\t\t<div class=\"elementor-element elementor-element-b00135c elementor-widget elementor-widget-heading\" data-id=\"b00135c\" data-element_type=\"widget\" data-e-type=\"widget\" data-widget_type=\"heading.default\">\n\t\t\t\t\t<h1 class=\"elementor-heading-title elementor-size-default\">Serveis de peritatge <span style=\"color:#676767\">Textil judicial<\/span><\/h1>\t\t\t\t<\/div>\n\t\t\t\t<div class=\"elementor-element elementor-element-5a61ce2 elementor-widget elementor-widget-heading\" data-id=\"5a61ce2\" data-element_type=\"widget\" data-e-type=\"widget\" data-widget_type=\"heading.default\">\n\t\t\t\t\t<h2 class=\"elementor-heading-title elementor-size-default\">Peritatge t\u00e8xtil especialitzat per a tribunals, empreses i particulars a tot Espanya<\/h2>\t\t\t\t<\/div>\n\t\t\t\t<\/div>\n\t\t\t\t<\/div>\n\t\t<div class=\"elementor-element elementor-element-a3bbb01 e-con-full e-flex e-con e-child\" data-id=\"a3bbb01\" data-element_type=\"container\" data-e-type=\"container\">\n\t\t<div class=\"elementor-element elementor-element-9f7eefb e-grid e-con-full e-con e-child\" data-id=\"9f7eefb\" data-element_type=\"container\" data-e-type=\"container\">\n\t\t<a class=\"elementor-element elementor-element-673383a e-con-full e-flex e-con e-child\" data-id=\"673383a\" data-element_type=\"container\" data-e-type=\"container\" data-settings=\"{&quot;background_background&quot;:&quot;classic&quot;}\" href=\"https:\/\/peritotextil.com\/servicios\/informes-periciales-textiles\/\">\n\t\t\t\t<div class=\"elementor-element elementor-element-0e42fc8 elementor-widget elementor-widget-image\" data-id=\"0e42fc8\" data-element_type=\"widget\" data-e-type=\"widget\" data-widget_type=\"image.default\">\n\t\t\t\t\t\t\t\t\t\t\t\t\t\t\t<img fetchpriority=\"high\" decoding=\"async\" width=\"300\" height=\"300\" src=\"https:\/\/peritotextil.com\/wp-content\/uploads\/2026\/01\/icon2.png\" class=\"attachment-full size-full wp-image-1044\" alt=\"\" srcset=\"https:\/\/peritotextil.com\/wp-content\/uploads\/2026\/01\/icon2.png 300w, https:\/\/peritotextil.com\/wp-content\/uploads\/2026\/01\/icon2-150x150.png 150w\" sizes=\"(max-width: 300px) 100vw, 300px\" \/>\t\t\t\t\t\t\t\t\t\t\t\t\t\t\t<\/div>\n\t\t\t\t<div class=\"elementor-element elementor-element-700664b elementor-widget elementor-widget-heading\" data-id=\"700664b\" data-element_type=\"widget\" data-e-type=\"widget\" data-widget_type=\"heading.default\">\n\t\t\t\t\t<h3 class=\"elementor-heading-title elementor-size-default\">Informes Pericials T\u00e8xtils<\/h3>\t\t\t\t<\/div>\n\t\t\t\t<\/a>\n\t\t<a class=\"elementor-element elementor-element-2f3faca e-con-full e-flex e-con e-child\" data-id=\"2f3faca\" data-element_type=\"container\" data-e-type=\"container\" data-settings=\"{&quot;background_background&quot;:&quot;classic&quot;}\" href=\"https:\/\/peritotextil.com\/servicios\/valoracion-y-tasacion-textil\/\">\n\t\t\t\t<div class=\"elementor-element elementor-element-3aa354c elementor-widget elementor-widget-image\" data-id=\"3aa354c\" data-element_type=\"widget\" data-e-type=\"widget\" data-widget_type=\"image.default\">\n\t\t\t\t\t\t\t\t\t\t\t\t\t\t\t<img decoding=\"async\" width=\"300\" height=\"300\" src=\"https:\/\/peritotextil.com\/wp-content\/uploads\/2026\/01\/icon3.png\" class=\"attachment-full size-full wp-image-1045\" alt=\"\" srcset=\"https:\/\/peritotextil.com\/wp-content\/uploads\/2026\/01\/icon3.png 300w, https:\/\/peritotextil.com\/wp-content\/uploads\/2026\/01\/icon3-150x150.png 150w\" sizes=\"(max-width: 300px) 100vw, 300px\" \/>\t\t\t\t\t\t\t\t\t\t\t\t\t\t\t<\/div>\n\t\t\t\t<div class=\"elementor-element elementor-element-9e52051 elementor-widget elementor-widget-heading\" data-id=\"9e52051\" data-element_type=\"widget\" data-e-type=\"widget\" data-widget_type=\"heading.default\">\n\t\t\t\t\t<h3 class=\"elementor-heading-title elementor-size-default\">Valoraci\u00f3 i Taxaci\u00f3 T\u00e8xtil<\/h3>\t\t\t\t<\/div>\n\t\t\t\t<\/a>\n\t\t<a class=\"elementor-element elementor-element-6c95601 e-con-full e-flex e-con e-child\" data-id=\"6c95601\" data-element_type=\"container\" data-e-type=\"container\" data-settings=\"{&quot;background_background&quot;:&quot;classic&quot;}\" href=\"https:\/\/peritotextil.com\/servicios\/control-de-calidad-textil\/\">\n\t\t\t\t<div class=\"elementor-element elementor-element-5a1b1b1 elementor-widget elementor-widget-image\" data-id=\"5a1b1b1\" data-element_type=\"widget\" data-e-type=\"widget\" data-widget_type=\"image.default\">\n\t\t\t\t\t\t\t\t\t\t\t\t\t\t\t<img decoding=\"async\" width=\"300\" height=\"300\" src=\"https:\/\/peritotextil.com\/wp-content\/uploads\/2026\/01\/icon4.png\" class=\"attachment-full size-full wp-image-1046\" alt=\"\" srcset=\"https:\/\/peritotextil.com\/wp-content\/uploads\/2026\/01\/icon4.png 300w, https:\/\/peritotextil.com\/wp-content\/uploads\/2026\/01\/icon4-150x150.png 150w\" sizes=\"(max-width: 300px) 100vw, 300px\" \/>\t\t\t\t\t\t\t\t\t\t\t\t\t\t\t<\/div>\n\t\t\t\t<div class=\"elementor-element elementor-element-7398170 elementor-widget elementor-widget-heading\" data-id=\"7398170\" data-element_type=\"widget\" data-e-type=\"widget\" data-widget_type=\"heading.default\">\n\t\t\t\t\t<h3 class=\"elementor-heading-title elementor-size-default\">Control de Qualitat T\u00e8xtil<\/h3>\t\t\t\t<\/div>\n\t\t\t\t<\/a>\n\t\t<a class=\"elementor-element elementor-element-8ab9b2e e-con-full e-flex e-con e-child\" data-id=\"8ab9b2e\" data-element_type=\"container\" data-e-type=\"container\" data-settings=\"{&quot;background_background&quot;:&quot;classic&quot;}\" href=\"https:\/\/peritotextil.com\/servicios\/falsificaciones-y-patentes\/\">\n\t\t\t\t<div class=\"elementor-element elementor-element-2c9b2e3 elementor-widget elementor-widget-image\" data-id=\"2c9b2e3\" data-element_type=\"widget\" data-e-type=\"widget\" data-widget_type=\"image.default\">\n\t\t\t\t\t\t\t\t\t\t\t\t\t\t\t<img loading=\"lazy\" decoding=\"async\" width=\"300\" height=\"300\" src=\"https:\/\/peritotextil.com\/wp-content\/uploads\/2026\/01\/icon6.png\" class=\"attachment-full size-full wp-image-1047\" alt=\"\" srcset=\"https:\/\/peritotextil.com\/wp-content\/uploads\/2026\/01\/icon6.png 300w, https:\/\/peritotextil.com\/wp-content\/uploads\/2026\/01\/icon6-150x150.png 150w\" sizes=\"(max-width: 300px) 100vw, 300px\" \/>\t\t\t\t\t\t\t\t\t\t\t\t\t\t\t<\/div>\n\t\t\t\t<div class=\"elementor-element elementor-element-bcd0b8c elementor-widget elementor-widget-heading\" data-id=\"bcd0b8c\" data-element_type=\"widget\" data-e-type=\"widget\" data-widget_type=\"heading.default\">\n\t\t\t\t\t<h4 class=\"elementor-heading-title elementor-size-default\">Falsificacions i Patents<\/h4>\t\t\t\t<\/div>\n\t\t\t\t<\/a>\n\t\t<a class=\"elementor-element elementor-element-e732d34 e-con-full e-flex e-con e-child\" data-id=\"e732d34\" data-element_type=\"container\" data-e-type=\"container\" data-settings=\"{&quot;background_background&quot;:&quot;classic&quot;}\" href=\"https:\/\/peritotextil.com\/servicios\/procesos-de-fabricacion\/\">\n\t\t\t\t<div class=\"elementor-element elementor-element-00f720a elementor-widget elementor-widget-image\" data-id=\"00f720a\" data-element_type=\"widget\" data-e-type=\"widget\" data-widget_type=\"image.default\">\n\t\t\t\t\t\t\t\t\t\t\t\t\t\t\t<img loading=\"lazy\" decoding=\"async\" width=\"300\" height=\"300\" src=\"https:\/\/peritotextil.com\/wp-content\/uploads\/2026\/01\/icon1.png\" class=\"attachment-full size-full wp-image-1048\" alt=\"\" srcset=\"https:\/\/peritotextil.com\/wp-content\/uploads\/2026\/01\/icon1.png 300w, https:\/\/peritotextil.com\/wp-content\/uploads\/2026\/01\/icon1-150x150.png 150w\" sizes=\"(max-width: 300px) 100vw, 300px\" \/>\t\t\t\t\t\t\t\t\t\t\t\t\t\t\t<\/div>\n\t\t\t\t<div class=\"elementor-element elementor-element-d89e387 elementor-widget elementor-widget-heading\" data-id=\"d89e387\" data-element_type=\"widget\" data-e-type=\"widget\" data-widget_type=\"heading.default\">\n\t\t\t\t\t<h4 class=\"elementor-heading-title elementor-size-default\">Investigaci\u00f3 i an\u00e0lisi de defectes<\/h4>\t\t\t\t<\/div>\n\t\t\t\t<\/a>\n\t\t<a class=\"elementor-element elementor-element-409446d e-con-full e-flex e-con e-child\" data-id=\"409446d\" data-element_type=\"container\" data-e-type=\"container\" data-settings=\"{&quot;background_background&quot;:&quot;classic&quot;}\" href=\"https:\/\/peritotextil.com\/servicios\/asesoramiento-tecnico\/\">\n\t\t\t\t<div class=\"elementor-element elementor-element-fc9198d elementor-widget elementor-widget-image\" data-id=\"fc9198d\" data-element_type=\"widget\" data-e-type=\"widget\" data-widget_type=\"image.default\">\n\t\t\t\t\t\t\t\t\t\t\t\t\t\t\t<img loading=\"lazy\" decoding=\"async\" width=\"300\" height=\"300\" src=\"https:\/\/peritotextil.com\/wp-content\/uploads\/2026\/01\/icon7.png\" class=\"attachment-full size-full wp-image-1049\" alt=\"\" srcset=\"https:\/\/peritotextil.com\/wp-content\/uploads\/2026\/01\/icon7.png 300w, https:\/\/peritotextil.com\/wp-content\/uploads\/2026\/01\/icon7-150x150.png 150w\" sizes=\"(max-width: 300px) 100vw, 300px\" \/>\t\t\t\t\t\t\t\t\t\t\t\t\t\t\t<\/div>\n\t\t\t\t<div class=\"elementor-element elementor-element-0148918 elementor-widget elementor-widget-heading\" data-id=\"0148918\" data-element_type=\"widget\" data-e-type=\"widget\" data-widget_type=\"heading.default\">\n\t\t\t\t\t<h4 class=\"elementor-heading-title elementor-size-default\">Assessorament T\u00e8cnic<\/h4>\t\t\t\t<\/div>\n\t\t\t\t<\/a>\n\t\t\t\t<\/div>\n\t\t\t\t<\/div>\n\t\t\t\t\t<\/div>\n\t\t\t\t<\/div>\n\t\t\t\t<\/div>\n\t\t","protected":false},"excerpt":{"rendered":"<p>Serveis destacats Serveis de peritatge Textil judicial Peritatge t\u00e8xtil especialitzat per a tribunals, empreses i particulars a tot Espanya Informes Pericials T\u00e8xtils Valoraci\u00f3 i Taxaci\u00f3 T\u00e8xtil Control de Qualitat T\u00e8xtil Falsificacions i Patents Investigaci\u00f3 i an\u00e0lisi de defectes Assessorament T\u00e8cnic<\/p>\n","protected":false},"author":1,"featured_media":0,"parent":0,"menu_order":0,"comment_status":"closed","ping_status":"closed","template":"page-templates\/pagebuilder.php","meta":{"zakra_page_container_layout":"customizer","zakra_page_sidebar_layout":"customizer","zakra_remove_content_margin":false,"zakra_sidebar":"customizer","zakra_transparent_header":"customizer","zakra_logo":0,"zakra_main_header_style":"default","zakra_menu_item_color":"","zakra_menu_item_hover_color":"","zakra_menu_item_active_color":"","zakra_menu_active_style":"","zakra_page_header":true,"footnotes":""},"class_list":["post-1069","page","type-page","status-publish","hentry"],"_links":{"self":[{"href":"https:\/\/peritotextil.com\/ca\/wp-json\/wp\/v2\/pages\/1069","targetHints":{"allow":["GET"]}}],"collection":[{"href":"https:\/\/peritotextil.com\/ca\/wp-json\/wp\/v2\/pages"}],"about":[{"href":"https:\/\/peritotextil.com\/ca\/wp-json\/wp\/v2\/types\/page"}],"author":[{"embeddable":true,"href":"https:\/\/peritotextil.com\/ca\/wp-json\/wp\/v2\/users\/1"}],"replies":[{"embeddable":true,"href":"https:\/\/peritotextil.com\/ca\/wp-json\/wp\/v2\/comments?post=1069"}],"version-history":[{"count":1,"href":"https:\/\/peritotextil.com\/ca\/wp-json\/wp\/v2\/pages\/1069\/revisions"}],"predecessor-version":[{"id":1070,"href":"https:\/\/peritotextil.com\/ca\/wp-json\/wp\/v2\/pages\/1069\/revisions\/1070"}],"wp:attachment":[{"href":"https:\/\/peritotextil.com\/ca\/wp-json\/wp\/v2\/media?parent=1069"}],"curies":[{"name":"wp","href":"https:\/\/api.w.org\/{rel}","templated":true}]}}