{"id":1066,"date":"2025-12-31T13:07:22","date_gmt":"2025-12-31T13:07:22","guid":{"rendered":"https:\/\/peritotextil.com\/proces\/"},"modified":"2026-02-16T10:09:38","modified_gmt":"2026-02-16T10:09:38","slug":"proces","status":"publish","type":"page","link":"https:\/\/peritotextil.com\/ca\/proces\/","title":{"rendered":"Proc\u00e9s"},"content":{"rendered":"\t\t<div data-elementor-type=\"wp-page\" data-elementor-id=\"1066\" class=\"elementor elementor-1066 elementor-51\" data-elementor-post-type=\"page\">\n\t\t\t\t<div class=\"elementor-element elementor-element-fd9a000 e-flex e-con-boxed e-con e-parent\" data-id=\"fd9a000\" data-element_type=\"container\" data-e-type=\"container\" data-settings=\"{&quot;background_background&quot;:&quot;classic&quot;}\">\n\t\t\t\t\t<div class=\"e-con-inner\">\n\t\t\t\t<div class=\"elementor-element elementor-element-1b14c12 elementor-widget__width-initial elementor-widget elementor-widget-heading\" data-id=\"1b14c12\" data-element_type=\"widget\" data-e-type=\"widget\" data-widget_type=\"heading.default\">\n\t\t\t\t\t<h1 class=\"elementor-heading-title elementor-size-default\"><span style=\"color:#e1a603\">P\u00e8rit T\u00e8xtil Judicial<\/span> a Espanya<\/h1>\t\t\t\t<\/div>\n\t\t\t\t\t<\/div>\n\t\t\t\t<\/div>\n\t\t<div class=\"elementor-element elementor-element-e89c96b e-flex e-con-boxed e-con e-child\" data-id=\"e89c96b\" data-element_type=\"container\" data-e-type=\"container\" data-settings=\"{&quot;background_background&quot;:&quot;classic&quot;}\">\n\t\t\t\t\t<div class=\"e-con-inner\">\n\t\t<div class=\"elementor-element elementor-element-90c00ce e-con-full e-flex e-con e-child\" data-id=\"90c00ce\" data-element_type=\"container\" data-e-type=\"container\">\n\t\t\t\t<div class=\"elementor-element elementor-element-1a39558 elementor-icon-list--layout-traditional elementor-list-item-link-full_width elementor-widget elementor-widget-icon-list\" data-id=\"1a39558\" data-element_type=\"widget\" data-e-type=\"widget\" data-widget_type=\"icon-list.default\">\n\t\t\t\t\t\t\t<ul class=\"elementor-icon-list-items\">\n\t\t\t\t\t\t\t<li class=\"elementor-icon-list-item\">\n\t\t\t\t\t\t\t\t\t\t\t<span class=\"elementor-icon-list-icon\">\n\t\t\t\t\t\t\t<svg aria-hidden=\"true\" class=\"e-font-icon-svg e-fas-certificate\" viewBox=\"0 0 512 512\" xmlns=\"http:\/\/www.w3.org\/2000\/svg\"><path d=\"M458.622 255.92l45.985-45.005c13.708-12.977 7.316-36.039-10.664-40.339l-62.65-15.99 17.661-62.015c4.991-17.838-11.829-34.663-29.661-29.671l-61.994 17.667-15.984-62.671C337.085.197 313.765-6.276 300.99 7.228L256 53.57 211.011 7.229c-12.63-13.351-36.047-7.234-40.325 10.668l-15.984 62.671-61.995-17.667C74.87 57.907 58.056 74.738 63.046 92.572l17.661 62.015-62.65 15.99C.069 174.878-6.31 197.944 7.392 210.915l45.985 45.005-45.985 45.004c-13.708 12.977-7.316 36.039 10.664 40.339l62.65 15.99-17.661 62.015c-4.991 17.838 11.829 34.663 29.661 29.671l61.994-17.667 15.984 62.671c4.439 18.575 27.696 24.018 40.325 10.668L256 458.61l44.989 46.001c12.5 13.488 35.987 7.486 40.325-10.668l15.984-62.671 61.994 17.667c17.836 4.994 34.651-11.837 29.661-29.671l-17.661-62.015 62.65-15.99c17.987-4.302 24.366-27.367 10.664-40.339l-45.984-45.004z\"><\/path><\/svg>\t\t\t\t\t\t<\/span>\n\t\t\t\t\t\t\t\t\t\t<span class=\"elementor-icon-list-text\">Proc\u00e9s<\/span>\n\t\t\t\t\t\t\t\t\t<\/li>\n\t\t\t\t\t\t<\/ul>\n\t\t\t\t\t\t<\/div>\n\t\t\t\t<\/div>\n\t\t<div class=\"elementor-element elementor-element-6d3af61 e-con-full e-flex e-con e-child\" data-id=\"6d3af61\" data-element_type=\"container\" data-e-type=\"container\">\n\t\t\t\t<div class=\"elementor-element elementor-element-9bd08bd elementor-widget elementor-widget-heading\" data-id=\"9bd08bd\" data-element_type=\"widget\" data-e-type=\"widget\" data-widget_type=\"heading.default\">\n\t\t\t\t\t<h2 class=\"elementor-heading-title elementor-size-default\">Proc\u00e9s de Treball<\/h2>\t\t\t\t<\/div>\n\t\t\t\t<div class=\"elementor-element elementor-element-936dfec elementor-widget elementor-widget-heading\" data-id=\"936dfec\" data-element_type=\"widget\" data-e-type=\"widget\" data-widget_type=\"heading.default\">\n\t\t\t\t\t<h3 class=\"elementor-heading-title elementor-size-default\">Ofereixo un enfocament estructurat i transparent<\/h3>\t\t\t\t<\/div>\n\t\t\t\t<\/div>\n\t\t\t\t\t<\/div>\n\t\t\t\t<\/div>\n\t\t<div class=\"elementor-element elementor-element-e452d06 e-flex e-con-boxed e-con e-parent\" data-id=\"e452d06\" data-element_type=\"container\" data-e-type=\"container\" data-settings=\"{&quot;background_background&quot;:&quot;classic&quot;}\">\n\t\t\t\t\t<div class=\"e-con-inner\">\n\t\t<div class=\"elementor-element elementor-element-ffa29c9 e-grid e-con-full e-con e-child\" data-id=\"ffa29c9\" data-element_type=\"container\" data-e-type=\"container\">\n\t\t<a class=\"elementor-element elementor-element-a89c1e7 e-con-full e-flex e-con e-child\" data-id=\"a89c1e7\" data-element_type=\"container\" data-e-type=\"container\" data-settings=\"{&quot;background_background&quot;:&quot;classic&quot;}\">\n\t\t\t\t<div class=\"elementor-element elementor-element-8c629fd elementor-widget elementor-widget-image\" data-id=\"8c629fd\" data-element_type=\"widget\" data-e-type=\"widget\" data-widget_type=\"image.default\">\n\t\t\t\t\t\t\t\t\t\t\t\t\t\t\t<img fetchpriority=\"high\" decoding=\"async\" width=\"812\" height=\"542\" src=\"https:\/\/peritotextil.com\/wp-content\/uploads\/2026\/01\/perito_icon-1024x683.png\" class=\"attachment-large size-large wp-image-1065\" alt=\"\" srcset=\"https:\/\/peritotextil.com\/wp-content\/uploads\/2026\/01\/perito_icon-1024x683.png 1024w, https:\/\/peritotextil.com\/wp-content\/uploads\/2026\/01\/perito_icon-300x200.png 300w, https:\/\/peritotextil.com\/wp-content\/uploads\/2026\/01\/perito_icon-768x512.png 768w, https:\/\/peritotextil.com\/wp-content\/uploads\/2026\/01\/perito_icon.png 1536w\" sizes=\"(max-width: 812px) 100vw, 812px\" \/>\t\t\t\t\t\t\t\t\t\t\t\t\t\t\t<\/div>\n\t\t\t\t<\/a>\n\t\t<a class=\"elementor-element elementor-element-5c1cc8e e-con-full e-flex e-con e-child\" data-id=\"5c1cc8e\" data-element_type=\"container\" data-e-type=\"container\" data-settings=\"{&quot;background_background&quot;:&quot;classic&quot;}\">\n\t\t\t\t<div class=\"elementor-element elementor-element-bddf816 elementor-widget elementor-widget-heading\" data-id=\"bddf816\" data-element_type=\"widget\" data-e-type=\"widget\" data-widget_type=\"heading.default\">\n\t\t\t\t\t<div class=\"elementor-heading-title elementor-size-default\">1<\/div>\t\t\t\t<\/div>\n\t\t\t\t<div class=\"elementor-element elementor-element-81f9669 elementor-widget elementor-widget-heading\" data-id=\"81f9669\" data-element_type=\"widget\" data-e-type=\"widget\" data-widget_type=\"heading.default\">\n\t\t\t\t\t<h4 class=\"elementor-heading-title elementor-size-default\">Consulta Inicial Gratu\u00efta<\/h4>\t\t\t\t<\/div>\n\t\t\t\t<div class=\"elementor-element elementor-element-f5c6cbd elementor-widget elementor-widget-text-editor\" data-id=\"f5c6cbd\" data-element_type=\"widget\" data-e-type=\"widget\" data-widget_type=\"text-editor.default\">\n\t\t\t\t\t\t\t\t\t<p>Primera presa de contacte per analitzar el teu cas, comprendre les necessitats espec\u00edfiques i determinar la viabilitat del peritatge o an\u00e0lisi requerit.<\/p>\n\t\t\t\t\t\t\t\t<\/div>\n\t\t\t\t<\/a>\n\t\t<a class=\"elementor-element elementor-element-289a5c2 e-con-full e-flex e-con e-child\" data-id=\"289a5c2\" data-element_type=\"container\" data-e-type=\"container\" data-settings=\"{&quot;background_background&quot;:&quot;classic&quot;}\">\n\t\t\t\t<div class=\"elementor-element elementor-element-fb70263 elementor-widget elementor-widget-heading\" data-id=\"fb70263\" data-element_type=\"widget\" data-e-type=\"widget\" data-widget_type=\"heading.default\">\n\t\t\t\t\t<div class=\"elementor-heading-title elementor-size-default\">2<\/div>\t\t\t\t<\/div>\n\t\t\t\t<div class=\"elementor-element elementor-element-346161c elementor-widget elementor-widget-heading\" data-id=\"346161c\" data-element_type=\"widget\" data-e-type=\"widget\" data-widget_type=\"heading.default\">\n\t\t\t\t\t<h4 class=\"elementor-heading-title elementor-size-default\">Pressupost Detallat<\/h4>\t\t\t\t<\/div>\n\t\t\t\t<div class=\"elementor-element elementor-element-f00dc27 elementor-widget elementor-widget-text-editor\" data-id=\"f00dc27\" data-element_type=\"widget\" data-e-type=\"widget\" data-widget_type=\"text-editor.default\">\n\t\t\t\t\t\t\t\t\t<p>Elaboraci\u00f3 d&#8217;un pressupost transparent i sense comprom\u00eds, adaptat espec\u00edficament a les caracter\u00edstiques i la complexitat del teu cas.<\/p>\n\t\t\t\t\t\t\t\t<\/div>\n\t\t\t\t<\/a>\n\t\t<a class=\"elementor-element elementor-element-5bdfebe e-con-full e-flex e-con e-child\" data-id=\"5bdfebe\" data-element_type=\"container\" data-e-type=\"container\" data-settings=\"{&quot;background_background&quot;:&quot;classic&quot;}\">\n\t\t\t\t<div class=\"elementor-element elementor-element-6c2d06d elementor-widget elementor-widget-heading\" data-id=\"6c2d06d\" data-element_type=\"widget\" data-e-type=\"widget\" data-widget_type=\"heading.default\">\n\t\t\t\t\t<div class=\"elementor-heading-title elementor-size-default\">3<\/div>\t\t\t\t<\/div>\n\t\t\t\t<div class=\"elementor-element elementor-element-d22671c elementor-widget elementor-widget-heading\" data-id=\"d22671c\" data-element_type=\"widget\" data-e-type=\"widget\" data-widget_type=\"heading.default\">\n\t\t\t\t\t<h4 class=\"elementor-heading-title elementor-size-default\">Inspecci\u00f3 i An\u00e0lisi<\/h4>\t\t\t\t<\/div>\n\t\t\t\t<div class=\"elementor-element elementor-element-6e33c3a elementor-widget elementor-widget-text-editor\" data-id=\"6e33c3a\" data-element_type=\"widget\" data-e-type=\"widget\" data-widget_type=\"text-editor.default\">\n\t\t\t\t\t\t\t\t\t<p>Realitzaci\u00f3 d&#8217;inspeccions in situ o al laboratori, presa de mostres i assaigs t\u00e8cnics necessaris segons el cas.<\/p>\n\t\t\t\t\t\t\t\t<\/div>\n\t\t\t\t<\/a>\n\t\t<a class=\"elementor-element elementor-element-7aa6cd6 e-con-full e-flex e-con e-child\" data-id=\"7aa6cd6\" data-element_type=\"container\" data-e-type=\"container\" data-settings=\"{&quot;background_background&quot;:&quot;classic&quot;}\">\n\t\t\t\t<div class=\"elementor-element elementor-element-a3b5b7e elementor-widget elementor-widget-heading\" data-id=\"a3b5b7e\" data-element_type=\"widget\" data-e-type=\"widget\" data-widget_type=\"heading.default\">\n\t\t\t\t\t<div class=\"elementor-heading-title elementor-size-default\">4<\/div>\t\t\t\t<\/div>\n\t\t\t\t<div class=\"elementor-element elementor-element-a5d7a33 elementor-widget elementor-widget-heading\" data-id=\"a5d7a33\" data-element_type=\"widget\" data-e-type=\"widget\" data-widget_type=\"heading.default\">\n\t\t\t\t\t<h4 class=\"elementor-heading-title elementor-size-default\">Informe Professional<\/h4>\t\t\t\t<\/div>\n\t\t\t\t<div class=\"elementor-element elementor-element-307d9c6 elementor-widget elementor-widget-text-editor\" data-id=\"307d9c6\" data-element_type=\"widget\" data-e-type=\"widget\" data-widget_type=\"text-editor.default\">\n\t\t\t\t\t\t\t\t\t<p>An\u00e0lisi t\u00e8cnica fonamentada.<\/p>\n<p>Conclusions clares i ben argumentades.<\/p>\n<p>Documentaci\u00f3 fotogr\u00e0fica exhaustiva.<\/p>\n<p>Annexos t\u00e8cnics i normativa aplicable.<\/p>\n\t\t\t\t\t\t\t\t<\/div>\n\t\t\t\t<\/a>\n\t\t<a class=\"elementor-element elementor-element-00417a1 e-con-full e-flex e-con e-child\" data-id=\"00417a1\" data-element_type=\"container\" data-e-type=\"container\" data-settings=\"{&quot;background_background&quot;:&quot;classic&quot;}\">\n\t\t\t\t<div class=\"elementor-element elementor-element-a6d3c13 elementor-widget elementor-widget-heading\" data-id=\"a6d3c13\" data-element_type=\"widget\" data-e-type=\"widget\" data-widget_type=\"heading.default\">\n\t\t\t\t\t<div class=\"elementor-heading-title elementor-size-default\">5<\/div>\t\t\t\t<\/div>\n\t\t\t\t<div class=\"elementor-element elementor-element-81fe064 elementor-widget elementor-widget-heading\" data-id=\"81fe064\" data-element_type=\"widget\" data-e-type=\"widget\" data-widget_type=\"heading.default\">\n\t\t\t\t\t<h4 class=\"elementor-heading-title elementor-size-default\">Ratificaci\u00f3 Judicial<\/h4>\t\t\t\t<\/div>\n\t\t\t\t<div class=\"elementor-element elementor-element-a6ad810 elementor-widget elementor-widget-text-editor\" data-id=\"a6ad810\" data-element_type=\"widget\" data-e-type=\"widget\" data-widget_type=\"text-editor.default\">\n\t\t\t\t\t\t\t\t\t<p>Si s&#8217;aplica, compareixen\u00e7a davant del tribunal per ratificar l&#8217;informe i respondre preguntes de les parts.<\/p>\n\t\t\t\t\t\t\t\t<\/div>\n\t\t\t\t<\/a>\n\t\t\t\t<\/div>\n\t\t\t\t\t<\/div>\n\t\t\t\t<\/div>\n\t\t\t\t<\/div>\n\t\t","protected":false},"excerpt":{"rendered":"<p>P\u00e8rit T\u00e8xtil Judicial a Espanya Proc\u00e9s Proc\u00e9s de Treball Ofereixo un enfocament estructurat i transparent 1 Consulta Inicial Gratu\u00efta Primera presa de contacte per analitzar el teu cas, comprendre les necessitats espec\u00edfiques i determinar la viabilitat del peritatge o an\u00e0lisi requerit. 2 Pressupost Detallat Elaboraci\u00f3 d&#8217;un pressupost transparent i sense comprom\u00eds, adaptat espec\u00edficament a les [&hellip;]<\/p>\n","protected":false},"author":1,"featured_media":0,"parent":0,"menu_order":0,"comment_status":"closed","ping_status":"closed","template":"page-templates\/pagebuilder.php","meta":{"zakra_page_container_layout":"customizer","zakra_page_sidebar_layout":"customizer","zakra_remove_content_margin":false,"zakra_sidebar":"customizer","zakra_transparent_header":"customizer","zakra_logo":0,"zakra_main_header_style":"default","zakra_menu_item_color":"","zakra_menu_item_hover_color":"","zakra_menu_item_active_color":"","zakra_menu_active_style":"","zakra_page_header":true,"footnotes":""},"class_list":["post-1066","page","type-page","status-publish","hentry"],"_links":{"self":[{"href":"https:\/\/peritotextil.com\/ca\/wp-json\/wp\/v2\/pages\/1066","targetHints":{"allow":["GET"]}}],"collection":[{"href":"https:\/\/peritotextil.com\/ca\/wp-json\/wp\/v2\/pages"}],"about":[{"href":"https:\/\/peritotextil.com\/ca\/wp-json\/wp\/v2\/types\/page"}],"author":[{"embeddable":true,"href":"https:\/\/peritotextil.com\/ca\/wp-json\/wp\/v2\/users\/1"}],"replies":[{"embeddable":true,"href":"https:\/\/peritotextil.com\/ca\/wp-json\/wp\/v2\/comments?post=1066"}],"version-history":[{"count":1,"href":"https:\/\/peritotextil.com\/ca\/wp-json\/wp\/v2\/pages\/1066\/revisions"}],"predecessor-version":[{"id":1068,"href":"https:\/\/peritotextil.com\/ca\/wp-json\/wp\/v2\/pages\/1066\/revisions\/1068"}],"wp:attachment":[{"href":"https:\/\/peritotextil.com\/ca\/wp-json\/wp\/v2\/media?parent=1066"}],"curies":[{"name":"wp","href":"https:\/\/api.w.org\/{rel}","templated":true}]}}